{"id":141,"date":"2021-11-02T13:44:06","date_gmt":"2021-11-02T13:44:06","guid":{"rendered":"https:\/\/www.entegra.es\/?page_id=141"},"modified":"2021-11-25T21:29:27","modified_gmt":"2021-11-25T21:29:27","slug":"avis-legal","status":"publish","type":"page","link":"https:\/\/www.entegra.es\/ca\/avis-legal\/","title":{"rendered":"Av\u00eds legal"},"content":{"rendered":"<p>Trans Propco Tanger BCN S.L. compleix amb els requisits establerts en la normativa actual sobre Protecci\u00f3 de Dades de Car\u00e0cter Personal i Comer\u00e7 Electr\u00f2nic. A tal fi, ha creat el seg\u00fcent Av\u00eds Legal:<\/p>\n<h5>Informaci\u00f3<\/h5>\n<p>Denominaci\u00f3 social Trans Propco Tanger BCN S.L.. NIF B-64582182. Dades d&#8217;inscripci\u00f3: inscrita en el Registre Mercantil de Barcelona, Tom 42.224, Foli 50, Inscripci\u00f3 1, Fulla M-747507. <\/p>\n<h5>Dades de contacte<\/h5>\n<p>Adre\u00e7a: Plaza San Juan de la Cruz 4. 28003 Madrid.<br \/>\nTel.: +34 910 601 890<br \/>\nE-mail:\u00a0<a href=\"mailto:info@entegra.es\">info@entegra.es<\/a><\/p>\n<h5>Condicions generals d&#8217;\u00fas<\/h5>\n<p>Tota persona que accedeixi a aquest lloc web assumeix el paper d&#8217;Usuari, comprometent-se a l&#8217;observan\u00e7a i compliment rigor\u00f3s de les disposicions aqu\u00ed disposades, aix\u00ed com a qualsevol altra disposici\u00f3 legal que fos aplicable.<\/p>\n<p>Trans Propco Tanger BCN S.L. es reserva el dret a modificar qualsevol tipus d&#8217;informaci\u00f3 que pogu\u00e9s apar\u00e8ixer en el lloc web, sense que existeixi obligaci\u00f3 de preavisar o posar en coneixement dels Usuaris aquestes obligacions, entenent-se com a suficient amb la publicaci\u00f3 en el seu lloc web.<\/p>\n<p>L&#8217;usuari accepta plenament i sense reserves les disposicions incloses en aquest Av\u00eds Legal, en la versi\u00f3 publicada per Trans Propco Tanger BCN S.L. en el moment mateix que l&#8217;Usuari accedeixi al lloc web.<\/p>\n<p>El lloc web pot ser visitat lliurement i l&#8217;Usuari es compromet a utilitzar els seus continguts i serveis de conformitat amb la llei, la moral, els bons costums i el present Av\u00eds Legal. A aquest efecte, l&#8217;Usuari s&#8217;abstindr\u00e0 d&#8217;utilitzar el lloc web amb finalitats o efectes il\u00b7l\u00edcits, prohibits i lesius dels drets i interessos de tercers.<\/p>\n<p>Trans Propco Tanger BCN S.L. no es responsabilitza dels errors o omissions, dels continguts del lloc web ni d&#8217;altres continguts als quals es pugui accedir a trav\u00e9s d&#8217;aquest, ni dels danys derivats de la utilitzaci\u00f3 del lloc web, ni per qualsevol actuaci\u00f3 realitzada sobre la base de la informaci\u00f3 que en ella es facilita.<\/p>\n<p>Trans Propco Tanger BCN S.L. ni garanteix l&#8217;abs\u00e8ncia de virus o altres elements lesius, que poguessin causar danys o alteracions en el sistema inform\u00e0tic, en els documents electr\u00f2nics o en els fitxers de l&#8217;usuari del lloc web; ni respon dels danys i perjudicis que tals elements poguessin ocasionar a l&#8217;Usuari o tercers.<\/p>\n<p>El lloc web t\u00e9 car\u00e0cter informatiu, per la qual cosa el seu contingut podr\u00e0 ser modificat, ampliat o suprimit en qualsevol moment, sense previ av\u00eds.<\/p>\n<p>Trans Propco Tanger BCN S.L. es reserva el dret d&#8217;actualitzar els continguts del lloc web i\/o d&#8217;eliminar-los, aix\u00ed com de limitar i impedir l&#8217;acc\u00e9s a aquests, ja sigui temporal o definitivament, sense pr\u00e8via notificaci\u00f3.<\/p>\n<h5>Drets de propietat intel\u00b7lectual i industrial<\/h5>\n<p>Tots els drets de propietat intel\u00b7lectual i\/o industrial del lloc web i de tots els seus continguts (textos, imatges, dissenys, creativitats, programari, codi font, fragment d&#8217;\u00e0udio, programes inform\u00e0tics, desc\u00e0rregues digitals, bases de dades, noms comercials, marques, logotips, i\/o qualsevol altre signe distintiu, etc.) que formin o hagin format part del mateix en algun moment, estan protegits per Llei i pertanyen a Trans Propco Tanger BCN S.L.<\/p>\n<p>En cap cas s&#8217;entendr\u00e0 que l&#8217;acc\u00e9s i \u00fas del lloc web implica la ren\u00fancia, transmissi\u00f3, llic\u00e8ncia, cessi\u00f3, total ni parcial, ni autoritzaci\u00f3 de cap classe, per a l&#8217;explotaci\u00f3, reproducci\u00f3, comunicaci\u00f3 p\u00fablica, difusi\u00f3, divulgaci\u00f3 i\/o transformaci\u00f3 ni del lloc web, ni dels seus continguts, entesos amb l&#8217;amplitud assenyalada en el punt anterior, ni tampoc dels drets de propietat intel\u00b7lectual i\/o industrial inherents a aquests.<\/p>\n<h5>Enlla\u00e7os<\/h5>\n<p>L&#8217;empresa no assumeix cap responsabilitat sobre el contingut, informaci\u00f3 o serveis que puguin oferir els enlla\u00e7os que es presenten en el nostre lloc web, i que tenen car\u00e0cter merament informatiu.<\/p>\n<h5>Legislaci\u00f3 aplicable:<\/h5>\n<p>La present Web es regeix per la legislaci\u00f3 espanyola.<\/p>\n","protected":false},"excerpt":{"rendered":"<p>Trans Propco Tanger BCN S.L. compleix amb els requisits establerts en la normativa actual sobre Protecci\u00f3 de Dades de Car\u00e0cter Personal i Comer\u00e7 Electr\u00f2nic. A tal fi, ha creat el seg\u00fcent Av\u00eds Legal: Informaci\u00f3 Denominaci\u00f3 social Trans Propco Tanger BCN S.L.. NIF B-64582182. Dades d&#8217;inscripci\u00f3: inscrita en el Registre Mercantil de Barcelona, Tom 42.224, Foli [&hellip;]<\/p>\n","protected":false},"author":1,"featured_media":0,"parent":0,"menu_order":0,"comment_status":"closed","ping_status":"closed","template":"","meta":{"_acf_changed":false,"footnotes":""},"class_list":["post-141","page","type-page","status-publish","hentry"],"acf":[],"yoast_head":"<!-- This site is optimized with the Yoast SEO plugin v27.2 - https:\/\/yoast.com\/product\/yoast-seo-wordpress\/ -->\n<title>Av\u00eds legal | Entegra<\/title>\n<meta name=\"robots\" content=\"noindex, nofollow\" \/>\n<meta property=\"og:locale\" content=\"ca_ES\" \/>\n<meta property=\"og:type\" content=\"article\" \/>\n<meta property=\"og:title\" content=\"Av\u00eds legal | Entegra\" \/>\n<meta property=\"og:description\" content=\"Trans Propco Tanger BCN S.L. compleix amb els requisits establerts en la normativa actual sobre Protecci\u00f3 de Dades de Car\u00e0cter Personal i Comer\u00e7 Electr\u00f2nic. A tal fi, ha creat el seg\u00fcent Av\u00eds Legal: Informaci\u00f3 Denominaci\u00f3 social Trans Propco Tanger BCN S.L.. NIF B-64582182. Dades d&#8217;inscripci\u00f3: inscrita en el Registre Mercantil de Barcelona, Tom 42.224, Foli [&hellip;]\" \/>\n<meta property=\"og:url\" content=\"https:\/\/www.entegra.es\/ca\/avis-legal\/\" \/>\n<meta property=\"og:site_name\" content=\"Entegra\" \/>\n<meta property=\"article:modified_time\" content=\"2021-11-25T21:29:27+00:00\" \/>\n<meta name=\"twitter:card\" content=\"summary_large_image\" \/>\n<meta name=\"twitter:label1\" content=\"Est. reading time\" \/>\n\t<meta name=\"twitter:data1\" content=\"3 minutes\" \/>\n<script type=\"application\/ld+json\" class=\"yoast-schema-graph\">{\"@context\":\"https:\/\/schema.org\",\"@graph\":[{\"@type\":\"WebPage\",\"@id\":\"https:\/\/www.entegra.es\/ca\/avis-legal\/\",\"url\":\"https:\/\/www.entegra.es\/ca\/avis-legal\/\",\"name\":\"Av\u00eds legal | Entegra\",\"isPartOf\":{\"@id\":\"https:\/\/www.entegra.es\/#website\"},\"datePublished\":\"2021-11-02T13:44:06+00:00\",\"dateModified\":\"2021-11-25T21:29:27+00:00\",\"breadcrumb\":{\"@id\":\"https:\/\/www.entegra.es\/ca\/avis-legal\/#breadcrumb\"},\"inLanguage\":\"ca\",\"potentialAction\":[{\"@type\":\"ReadAction\",\"target\":[\"https:\/\/www.entegra.es\/ca\/avis-legal\/\"]}]},{\"@type\":\"BreadcrumbList\",\"@id\":\"https:\/\/www.entegra.es\/ca\/avis-legal\/#breadcrumb\",\"itemListElement\":[{\"@type\":\"ListItem\",\"position\":1,\"name\":\"Portada\",\"item\":\"https:\/\/www.entegra.es\/ca\/\"},{\"@type\":\"ListItem\",\"position\":2,\"name\":\"Av\u00eds legal\"}]},{\"@type\":\"WebSite\",\"@id\":\"https:\/\/www.entegra.es\/#website\",\"url\":\"https:\/\/www.entegra.es\/\",\"name\":\"Entegra\",\"description\":\"\",\"publisher\":{\"@id\":\"https:\/\/www.entegra.es\/#organization\"},\"potentialAction\":[{\"@type\":\"SearchAction\",\"target\":{\"@type\":\"EntryPoint\",\"urlTemplate\":\"https:\/\/www.entegra.es\/?s={search_term_string}\"},\"query-input\":{\"@type\":\"PropertyValueSpecification\",\"valueRequired\":true,\"valueName\":\"search_term_string\"}}],\"inLanguage\":\"ca\"},{\"@type\":\"Organization\",\"@id\":\"https:\/\/www.entegra.es\/#organization\",\"name\":\"Edificio Entegra Barcelona\",\"url\":\"https:\/\/www.entegra.es\/\",\"logo\":{\"@type\":\"ImageObject\",\"inLanguage\":\"ca\",\"@id\":\"https:\/\/www.entegra.es\/#\/schema\/logo\/image\/\",\"url\":\"https:\/\/hundreds-wordpress-uploads.s3.amazonaws.com\/entegra\/uploads\/2021\/11\/entegra_logo.png\",\"contentUrl\":\"https:\/\/hundreds-wordpress-uploads.s3.amazonaws.com\/entegra\/uploads\/2021\/11\/entegra_logo.png\",\"width\":220,\"height\":59,\"caption\":\"Edificio Entegra Barcelona\"},\"image\":{\"@id\":\"https:\/\/www.entegra.es\/#\/schema\/logo\/image\/\"}}]}<\/script>\n<!-- \/ Yoast SEO plugin. -->","yoast_head_json":{"title":"Av\u00eds legal | Entegra","robots":{"index":"noindex","follow":"nofollow"},"og_locale":"ca_ES","og_type":"article","og_title":"Av\u00eds legal | Entegra","og_description":"Trans Propco Tanger BCN S.L. compleix amb els requisits establerts en la normativa actual sobre Protecci\u00f3 de Dades de Car\u00e0cter Personal i Comer\u00e7 Electr\u00f2nic. A tal fi, ha creat el seg\u00fcent Av\u00eds Legal: Informaci\u00f3 Denominaci\u00f3 social Trans Propco Tanger BCN S.L.. NIF B-64582182. Dades d&#8217;inscripci\u00f3: inscrita en el Registre Mercantil de Barcelona, Tom 42.224, Foli [&hellip;]","og_url":"https:\/\/www.entegra.es\/ca\/avis-legal\/","og_site_name":"Entegra","article_modified_time":"2021-11-25T21:29:27+00:00","twitter_card":"summary_large_image","twitter_misc":{"Est. reading time":"3 minutes"},"schema":{"@context":"https:\/\/schema.org","@graph":[{"@type":"WebPage","@id":"https:\/\/www.entegra.es\/ca\/avis-legal\/","url":"https:\/\/www.entegra.es\/ca\/avis-legal\/","name":"Av\u00eds legal | Entegra","isPartOf":{"@id":"https:\/\/www.entegra.es\/#website"},"datePublished":"2021-11-02T13:44:06+00:00","dateModified":"2021-11-25T21:29:27+00:00","breadcrumb":{"@id":"https:\/\/www.entegra.es\/ca\/avis-legal\/#breadcrumb"},"inLanguage":"ca","potentialAction":[{"@type":"ReadAction","target":["https:\/\/www.entegra.es\/ca\/avis-legal\/"]}]},{"@type":"BreadcrumbList","@id":"https:\/\/www.entegra.es\/ca\/avis-legal\/#breadcrumb","itemListElement":[{"@type":"ListItem","position":1,"name":"Portada","item":"https:\/\/www.entegra.es\/ca\/"},{"@type":"ListItem","position":2,"name":"Av\u00eds legal"}]},{"@type":"WebSite","@id":"https:\/\/www.entegra.es\/#website","url":"https:\/\/www.entegra.es\/","name":"Entegra","description":"","publisher":{"@id":"https:\/\/www.entegra.es\/#organization"},"potentialAction":[{"@type":"SearchAction","target":{"@type":"EntryPoint","urlTemplate":"https:\/\/www.entegra.es\/?s={search_term_string}"},"query-input":{"@type":"PropertyValueSpecification","valueRequired":true,"valueName":"search_term_string"}}],"inLanguage":"ca"},{"@type":"Organization","@id":"https:\/\/www.entegra.es\/#organization","name":"Edificio Entegra Barcelona","url":"https:\/\/www.entegra.es\/","logo":{"@type":"ImageObject","inLanguage":"ca","@id":"https:\/\/www.entegra.es\/#\/schema\/logo\/image\/","url":"https:\/\/hundreds-wordpress-uploads.s3.amazonaws.com\/entegra\/uploads\/2021\/11\/entegra_logo.png","contentUrl":"https:\/\/hundreds-wordpress-uploads.s3.amazonaws.com\/entegra\/uploads\/2021\/11\/entegra_logo.png","width":220,"height":59,"caption":"Edificio Entegra Barcelona"},"image":{"@id":"https:\/\/www.entegra.es\/#\/schema\/logo\/image\/"}}]}},"_links":{"self":[{"href":"https:\/\/www.entegra.es\/ca\/wp-json\/wp\/v2\/pages\/141","targetHints":{"allow":["GET"]}}],"collection":[{"href":"https:\/\/www.entegra.es\/ca\/wp-json\/wp\/v2\/pages"}],"about":[{"href":"https:\/\/www.entegra.es\/ca\/wp-json\/wp\/v2\/types\/page"}],"author":[{"embeddable":true,"href":"https:\/\/www.entegra.es\/ca\/wp-json\/wp\/v2\/users\/1"}],"replies":[{"embeddable":true,"href":"https:\/\/www.entegra.es\/ca\/wp-json\/wp\/v2\/comments?post=141"}],"version-history":[{"count":3,"href":"https:\/\/www.entegra.es\/ca\/wp-json\/wp\/v2\/pages\/141\/revisions"}],"predecessor-version":[{"id":189,"href":"https:\/\/www.entegra.es\/ca\/wp-json\/wp\/v2\/pages\/141\/revisions\/189"}],"wp:attachment":[{"href":"https:\/\/www.entegra.es\/ca\/wp-json\/wp\/v2\/media?parent=141"}],"curies":[{"name":"wp","href":"https:\/\/api.w.org\/{rel}","templated":true}]}}