{"id":169,"date":"2021-09-03T08:03:43","date_gmt":"2021-09-03T08:03:43","guid":{"rendered":"https:\/\/www.entegra.es\/the-space\/"},"modified":"2021-11-30T18:42:51","modified_gmt":"2021-11-30T18:42:51","slug":"els-espais","status":"publish","type":"page","link":"https:\/\/www.entegra.es\/ca\/els-espais\/","title":{"rendered":"Els Espais"},"content":{"rendered":"","protected":false},"excerpt":{"rendered":"","protected":false},"author":1,"featured_media":0,"parent":0,"menu_order":0,"comment_status":"closed","ping_status":"closed","template":"page-spaces.php","meta":{"_acf_changed":false,"footnotes":""},"class_list":["post-169","page","type-page","status-publish","hentry"],"acf":[],"yoast_head":"<!-- This site is optimized with the Yoast SEO plugin v27.2 - https:\/\/yoast.com\/product\/yoast-seo-wordpress\/ -->\n<title>Els Espais | Quan l\u2019oficina \u00e9s m\u00e9s que un simple lloc de treball | Entegra<\/title>\n<meta name=\"description\" content=\"Entegra compta amb uns espais amb Il\u00b7luminaci\u00f3 i aire natural, vegetaci\u00f3, tecnologia, disseny exclusiu i consum energ\u00e8tic gaireb\u00e9 nul\" \/>\n<meta name=\"robots\" content=\"index, follow, max-snippet:-1, max-image-preview:large, max-video-preview:-1\" \/>\n<link rel=\"canonical\" href=\"https:\/\/www.entegra.es\/ca\/els-espais\/\" \/>\n<meta property=\"og:locale\" content=\"ca_ES\" \/>\n<meta property=\"og:type\" content=\"article\" \/>\n<meta property=\"og:title\" content=\"Els Espais | Quan l\u2019oficina \u00e9s m\u00e9s que un simple lloc de treball | Entegra\" \/>\n<meta property=\"og:description\" content=\"Entegra compta amb uns espais amb Il\u00b7luminaci\u00f3 i aire natural, vegetaci\u00f3, tecnologia, disseny exclusiu i consum energ\u00e8tic gaireb\u00e9 nul\" \/>\n<meta property=\"og:url\" content=\"https:\/\/www.entegra.es\/ca\/els-espais\/\" \/>\n<meta property=\"og:site_name\" content=\"Entegra\" \/>\n<meta property=\"article:modified_time\" content=\"2021-11-30T18:42:51+00:00\" \/>\n<meta name=\"twitter:card\" content=\"summary_large_image\" \/>\n<script type=\"application\/ld+json\" class=\"yoast-schema-graph\">{\"@context\":\"https:\/\/schema.org\",\"@graph\":[{\"@type\":\"WebPage\",\"@id\":\"https:\/\/www.entegra.es\/ca\/els-espais\/\",\"url\":\"https:\/\/www.entegra.es\/ca\/els-espais\/\",\"name\":\"Els Espais | Quan l\u2019oficina \u00e9s m\u00e9s que un simple lloc de treball | Entegra\",\"isPartOf\":{\"@id\":\"https:\/\/www.entegra.es\/#website\"},\"datePublished\":\"2021-09-03T08:03:43+00:00\",\"dateModified\":\"2021-11-30T18:42:51+00:00\",\"description\":\"Entegra compta amb uns espais amb Il\u00b7luminaci\u00f3 i aire natural, vegetaci\u00f3, tecnologia, disseny exclusiu i consum energ\u00e8tic gaireb\u00e9 nul\",\"breadcrumb\":{\"@id\":\"https:\/\/www.entegra.es\/ca\/els-espais\/#breadcrumb\"},\"inLanguage\":\"ca\",\"potentialAction\":[{\"@type\":\"ReadAction\",\"target\":[\"https:\/\/www.entegra.es\/ca\/els-espais\/\"]}]},{\"@type\":\"BreadcrumbList\",\"@id\":\"https:\/\/www.entegra.es\/ca\/els-espais\/#breadcrumb\",\"itemListElement\":[{\"@type\":\"ListItem\",\"position\":1,\"name\":\"Portada\",\"item\":\"https:\/\/www.entegra.es\/ca\/\"},{\"@type\":\"ListItem\",\"position\":2,\"name\":\"Els Espais\"}]},{\"@type\":\"WebSite\",\"@id\":\"https:\/\/www.entegra.es\/#website\",\"url\":\"https:\/\/www.entegra.es\/\",\"name\":\"Entegra\",\"description\":\"\",\"publisher\":{\"@id\":\"https:\/\/www.entegra.es\/#organization\"},\"potentialAction\":[{\"@type\":\"SearchAction\",\"target\":{\"@type\":\"EntryPoint\",\"urlTemplate\":\"https:\/\/www.entegra.es\/?s={search_term_string}\"},\"query-input\":{\"@type\":\"PropertyValueSpecification\",\"valueRequired\":true,\"valueName\":\"search_term_string\"}}],\"inLanguage\":\"ca\"},{\"@type\":\"Organization\",\"@id\":\"https:\/\/www.entegra.es\/#organization\",\"name\":\"Edificio Entegra Barcelona\",\"url\":\"https:\/\/www.entegra.es\/\",\"logo\":{\"@type\":\"ImageObject\",\"inLanguage\":\"ca\",\"@id\":\"https:\/\/www.entegra.es\/#\/schema\/logo\/image\/\",\"url\":\"https:\/\/hundreds-wordpress-uploads.s3.amazonaws.com\/entegra\/uploads\/2021\/11\/entegra_logo.png\",\"contentUrl\":\"https:\/\/hundreds-wordpress-uploads.s3.amazonaws.com\/entegra\/uploads\/2021\/11\/entegra_logo.png\",\"width\":220,\"height\":59,\"caption\":\"Edificio Entegra Barcelona\"},\"image\":{\"@id\":\"https:\/\/www.entegra.es\/#\/schema\/logo\/image\/\"}}]}<\/script>\n<!-- \/ Yoast SEO plugin. -->","yoast_head_json":{"title":"Els Espais | Quan l\u2019oficina \u00e9s m\u00e9s que un simple lloc de treball | Entegra","description":"Entegra compta amb uns espais amb Il\u00b7luminaci\u00f3 i aire natural, vegetaci\u00f3, tecnologia, disseny exclusiu i consum energ\u00e8tic gaireb\u00e9 nul","robots":{"index":"index","follow":"follow","max-snippet":"max-snippet:-1","max-image-preview":"max-image-preview:large","max-video-preview":"max-video-preview:-1"},"canonical":"https:\/\/www.entegra.es\/ca\/els-espais\/","og_locale":"ca_ES","og_type":"article","og_title":"Els Espais | Quan l\u2019oficina \u00e9s m\u00e9s que un simple lloc de treball | Entegra","og_description":"Entegra compta amb uns espais amb Il\u00b7luminaci\u00f3 i aire natural, vegetaci\u00f3, tecnologia, disseny exclusiu i consum energ\u00e8tic gaireb\u00e9 nul","og_url":"https:\/\/www.entegra.es\/ca\/els-espais\/","og_site_name":"Entegra","article_modified_time":"2021-11-30T18:42:51+00:00","twitter_card":"summary_large_image","schema":{"@context":"https:\/\/schema.org","@graph":[{"@type":"WebPage","@id":"https:\/\/www.entegra.es\/ca\/els-espais\/","url":"https:\/\/www.entegra.es\/ca\/els-espais\/","name":"Els Espais | Quan l\u2019oficina \u00e9s m\u00e9s que un simple lloc de treball | Entegra","isPartOf":{"@id":"https:\/\/www.entegra.es\/#website"},"datePublished":"2021-09-03T08:03:43+00:00","dateModified":"2021-11-30T18:42:51+00:00","description":"Entegra compta amb uns espais amb Il\u00b7luminaci\u00f3 i aire natural, vegetaci\u00f3, tecnologia, disseny exclusiu i consum energ\u00e8tic gaireb\u00e9 nul","breadcrumb":{"@id":"https:\/\/www.entegra.es\/ca\/els-espais\/#breadcrumb"},"inLanguage":"ca","potentialAction":[{"@type":"ReadAction","target":["https:\/\/www.entegra.es\/ca\/els-espais\/"]}]},{"@type":"BreadcrumbList","@id":"https:\/\/www.entegra.es\/ca\/els-espais\/#breadcrumb","itemListElement":[{"@type":"ListItem","position":1,"name":"Portada","item":"https:\/\/www.entegra.es\/ca\/"},{"@type":"ListItem","position":2,"name":"Els Espais"}]},{"@type":"WebSite","@id":"https:\/\/www.entegra.es\/#website","url":"https:\/\/www.entegra.es\/","name":"Entegra","description":"","publisher":{"@id":"https:\/\/www.entegra.es\/#organization"},"potentialAction":[{"@type":"SearchAction","target":{"@type":"EntryPoint","urlTemplate":"https:\/\/www.entegra.es\/?s={search_term_string}"},"query-input":{"@type":"PropertyValueSpecification","valueRequired":true,"valueName":"search_term_string"}}],"inLanguage":"ca"},{"@type":"Organization","@id":"https:\/\/www.entegra.es\/#organization","name":"Edificio Entegra Barcelona","url":"https:\/\/www.entegra.es\/","logo":{"@type":"ImageObject","inLanguage":"ca","@id":"https:\/\/www.entegra.es\/#\/schema\/logo\/image\/","url":"https:\/\/hundreds-wordpress-uploads.s3.amazonaws.com\/entegra\/uploads\/2021\/11\/entegra_logo.png","contentUrl":"https:\/\/hundreds-wordpress-uploads.s3.amazonaws.com\/entegra\/uploads\/2021\/11\/entegra_logo.png","width":220,"height":59,"caption":"Edificio Entegra Barcelona"},"image":{"@id":"https:\/\/www.entegra.es\/#\/schema\/logo\/image\/"}}]}},"_links":{"self":[{"href":"https:\/\/www.entegra.es\/ca\/wp-json\/wp\/v2\/pages\/169","targetHints":{"allow":["GET"]}}],"collection":[{"href":"https:\/\/www.entegra.es\/ca\/wp-json\/wp\/v2\/pages"}],"about":[{"href":"https:\/\/www.entegra.es\/ca\/wp-json\/wp\/v2\/types\/page"}],"author":[{"embeddable":true,"href":"https:\/\/www.entegra.es\/ca\/wp-json\/wp\/v2\/users\/1"}],"replies":[{"embeddable":true,"href":"https:\/\/www.entegra.es\/ca\/wp-json\/wp\/v2\/comments?post=169"}],"version-history":[{"count":5,"href":"https:\/\/www.entegra.es\/ca\/wp-json\/wp\/v2\/pages\/169\/revisions"}],"predecessor-version":[{"id":223,"href":"https:\/\/www.entegra.es\/ca\/wp-json\/wp\/v2\/pages\/169\/revisions\/223"}],"wp:attachment":[{"href":"https:\/\/www.entegra.es\/ca\/wp-json\/wp\/v2\/media?parent=169"}],"curies":[{"name":"wp","href":"https:\/\/api.w.org\/{rel}","templated":true}]}}